{"id":11751,"date":"2025-06-29T20:15:03","date_gmt":"2025-06-29T20:15:03","guid":{"rendered":"https:\/\/www.maliskokci.si\/product\/carobna-krogla-copy\/"},"modified":"2025-06-29T20:22:36","modified_gmt":"2025-06-29T20:22:36","slug":"mega-poligon","status":"publish","type":"product","link":"https:\/\/www.maliskokci.si\/en\/product\/mega-poligon\/","title":{"rendered":"Mega poligon"},"content":{"rendered":"<p>Napihljivo igralo Mega poligon ima na za\u010detku dva tunela nato sledi plezanje po klan\u010dini s spustom na toboganu potem pa \u0161e sledijo razli\u010dne ovire, ki popestrijo dogajanje, na koncu sledi skok skozi obro\u010d igrala.<\/p>","protected":false},"excerpt":{"rendered":"<p>Napihljivo igralo Mega poligon ima na za\u010detku dva tunela nato sledi plezanje po klan\u010dini s spustom na toboganu potem pa \u0161e sledijo razli\u010dne ovire, ki popestrijo dogajanje, na koncu sledi skok skozi obro\u010d igrala.<\/p>","protected":false},"featured_media":11760,"template":"","meta":{"_seopress_robots_primary_cat":"none"},"product_cat":[97],"product_tag":[],"class_list":["post-11751","product","type-product","status-publish","has-post-thumbnail","hentry","product_cat-ponudba"],"_links":{"self":[{"href":"https:\/\/www.maliskokci.si\/en\/wp-json\/wp\/v2\/product\/11751","targetHints":{"allow":["GET"]}}],"collection":[{"href":"https:\/\/www.maliskokci.si\/en\/wp-json\/wp\/v2\/product"}],"about":[{"href":"https:\/\/www.maliskokci.si\/en\/wp-json\/wp\/v2\/types\/product"}],"wp:featuredmedia":[{"embeddable":true,"href":"https:\/\/www.maliskokci.si\/en\/wp-json\/wp\/v2\/media\/11760"}],"wp:attachment":[{"href":"https:\/\/www.maliskokci.si\/en\/wp-json\/wp\/v2\/media?parent=11751"}],"wp:term":[{"taxonomy":"product_cat","embeddable":true,"href":"https:\/\/www.maliskokci.si\/en\/wp-json\/wp\/v2\/product_cat?post=11751"},{"taxonomy":"product_tag","embeddable":true,"href":"https:\/\/www.maliskokci.si\/en\/wp-json\/wp\/v2\/product_tag?post=11751"}],"curies":[{"name":"wp","href":"https:\/\/api.w.org\/{rel}","templated":true}]}}