{"id":11701,"date":"2024-10-16T14:22:47","date_gmt":"2024-10-16T14:22:47","guid":{"rendered":"https:\/\/www.maliskokci.si\/?post_type=product&#038;p=11701"},"modified":"2024-10-16T14:29:45","modified_gmt":"2024-10-16T14:29:45","slug":"poligon-dirkalisce","status":"publish","type":"product","link":"https:\/\/www.maliskokci.si\/en\/product\/poligon-dirkalisce\/","title":{"rendered":"Poligon dirkali\u0161\u010de"},"content":{"rendered":"<p>Primerno za starosti od 4 leta naprej. Igralna povr\u0161ina za 12 do 16 otrok. Igralo ima razli\u010dne ovire, 2 tunela, 2 \u0161iroka tobogana in 2 plezalni steni.<\/p>","protected":false},"excerpt":{"rendered":"<p>Primerno za starosti od 4 leta naprej. Igralna povr\u0161ina za 12 do 16 otrok. Igralo ima razli\u010dne ovire, 2 tunela, 2 \u0161iroka tobogana in 2 plezalni steni.<\/p>","protected":false},"featured_media":11727,"template":"","meta":{"_seopress_robots_primary_cat":"none"},"product_cat":[97],"product_tag":[],"class_list":["post-11701","product","type-product","status-publish","has-post-thumbnail","hentry","product_cat-ponudba"],"_links":{"self":[{"href":"https:\/\/www.maliskokci.si\/en\/wp-json\/wp\/v2\/product\/11701","targetHints":{"allow":["GET"]}}],"collection":[{"href":"https:\/\/www.maliskokci.si\/en\/wp-json\/wp\/v2\/product"}],"about":[{"href":"https:\/\/www.maliskokci.si\/en\/wp-json\/wp\/v2\/types\/product"}],"wp:featuredmedia":[{"embeddable":true,"href":"https:\/\/www.maliskokci.si\/en\/wp-json\/wp\/v2\/media\/11727"}],"wp:attachment":[{"href":"https:\/\/www.maliskokci.si\/en\/wp-json\/wp\/v2\/media?parent=11701"}],"wp:term":[{"taxonomy":"product_cat","embeddable":true,"href":"https:\/\/www.maliskokci.si\/en\/wp-json\/wp\/v2\/product_cat?post=11701"},{"taxonomy":"product_tag","embeddable":true,"href":"https:\/\/www.maliskokci.si\/en\/wp-json\/wp\/v2\/product_tag?post=11701"}],"curies":[{"name":"wp","href":"https:\/\/api.w.org\/{rel}","templated":true}]}}