{"id":11457,"date":"2024-09-25T08:02:21","date_gmt":"2024-09-25T08:02:21","guid":{"rendered":"https:\/\/www.maliskokci.si\/?post_type=product&#038;p=11457"},"modified":"2024-09-25T08:20:26","modified_gmt":"2024-09-25T08:20:26","slug":"mini-igralo","status":"publish","type":"product","link":"https:\/\/www.maliskokci.si\/en\/product\/mini-igralo\/","title":{"rendered":"Mini igralo"},"content":{"rendered":"<p>Mini igralo je primerno za otroke od 1 do 5 leta starosti. Ima plezalno steno, skakalno povr\u0161ino, tunel, mali in veliki tobogan, ko\u0161arka\u0161ki obro\u010d z dvema \u017eogama in 100 \u017eogic s katerimi otrokom nebo nikoli dolg\u010das.<\/p>","protected":false},"excerpt":{"rendered":"<p>Mini igralo je primerno za otroke od 1 do 5 leta starosti. Ima plezalno steno, skakalno povr\u0161ino, tunel, mali in veliki tobogan, ko\u0161arka\u0161ki obro\u010d z dvema \u017eogama in 100 \u017eogic s katerimi otrokom nebo nikoli dolg\u010das.<\/p>","protected":false},"featured_media":11487,"template":"","meta":{"_seopress_robots_primary_cat":"none"},"product_cat":[97],"product_tag":[],"class_list":["post-11457","product","type-product","status-publish","has-post-thumbnail","hentry","product_cat-ponudba"],"_links":{"self":[{"href":"https:\/\/www.maliskokci.si\/en\/wp-json\/wp\/v2\/product\/11457","targetHints":{"allow":["GET"]}}],"collection":[{"href":"https:\/\/www.maliskokci.si\/en\/wp-json\/wp\/v2\/product"}],"about":[{"href":"https:\/\/www.maliskokci.si\/en\/wp-json\/wp\/v2\/types\/product"}],"wp:featuredmedia":[{"embeddable":true,"href":"https:\/\/www.maliskokci.si\/en\/wp-json\/wp\/v2\/media\/11487"}],"wp:attachment":[{"href":"https:\/\/www.maliskokci.si\/en\/wp-json\/wp\/v2\/media?parent=11457"}],"wp:term":[{"taxonomy":"product_cat","embeddable":true,"href":"https:\/\/www.maliskokci.si\/en\/wp-json\/wp\/v2\/product_cat?post=11457"},{"taxonomy":"product_tag","embeddable":true,"href":"https:\/\/www.maliskokci.si\/en\/wp-json\/wp\/v2\/product_tag?post=11457"}],"curies":[{"name":"wp","href":"https:\/\/api.w.org\/{rel}","templated":true}]}}