{"id":11454,"date":"2024-09-25T08:01:44","date_gmt":"2024-09-25T08:01:44","guid":{"rendered":"https:\/\/www.maliskokci.si\/?post_type=product&#038;p=11454"},"modified":"2024-09-25T08:20:18","modified_gmt":"2024-09-25T08:20:18","slug":"jungla","status":"publish","type":"product","link":"https:\/\/www.maliskokci.si\/en\/product\/jungla\/","title":{"rendered":"Jungla"},"content":{"rendered":"<p>Jungla je primerna za igro pribli\u017eno 12 otrok starej\u0161ih od 2 let. Maksimalna obremenitev igrala je 500kg . Igralo ima plezalno steno, tobogan in veliko skakalno povr\u0161ino.<\/p>","protected":false},"excerpt":{"rendered":"<p>Jungla je primerna za igro pribli\u017eno 12 otrok starej\u0161ih od 2 let. Maksimalna obremenitev igrala je 500kg . Igralo ima plezalno steno, tobogan in veliko skakalno povr\u0161ino.<\/p>","protected":false},"featured_media":11486,"template":"","meta":{"_seopress_robots_primary_cat":"none"},"product_cat":[97],"product_tag":[],"class_list":["post-11454","product","type-product","status-publish","has-post-thumbnail","hentry","product_cat-ponudba"],"_links":{"self":[{"href":"https:\/\/www.maliskokci.si\/en\/wp-json\/wp\/v2\/product\/11454","targetHints":{"allow":["GET"]}}],"collection":[{"href":"https:\/\/www.maliskokci.si\/en\/wp-json\/wp\/v2\/product"}],"about":[{"href":"https:\/\/www.maliskokci.si\/en\/wp-json\/wp\/v2\/types\/product"}],"wp:featuredmedia":[{"embeddable":true,"href":"https:\/\/www.maliskokci.si\/en\/wp-json\/wp\/v2\/media\/11486"}],"wp:attachment":[{"href":"https:\/\/www.maliskokci.si\/en\/wp-json\/wp\/v2\/media?parent=11454"}],"wp:term":[{"taxonomy":"product_cat","embeddable":true,"href":"https:\/\/www.maliskokci.si\/en\/wp-json\/wp\/v2\/product_cat?post=11454"},{"taxonomy":"product_tag","embeddable":true,"href":"https:\/\/www.maliskokci.si\/en\/wp-json\/wp\/v2\/product_tag?post=11454"}],"curies":[{"name":"wp","href":"https:\/\/api.w.org\/{rel}","templated":true}]}}