{"id":11451,"date":"2024-09-25T08:01:09","date_gmt":"2024-09-25T08:01:09","guid":{"rendered":"https:\/\/www.maliskokci.si\/?post_type=product&#038;p=11451"},"modified":"2024-09-25T08:20:09","modified_gmt":"2024-09-25T08:20:09","slug":"tacke-na-patrulji","status":"publish","type":"product","link":"https:\/\/www.maliskokci.si\/en\/product\/tacke-na-patrulji\/","title":{"rendered":"Ta\u010dke na patrulji"},"content":{"rendered":"<p>Ta\u010dke na patrulji so primerne za otroke starej\u0161e od 2 let. Maksimalna obremenitev igrala je 500kg. Igralo ima z strani varnostne mre\u017ee, zaradi tega imajo star\u0161i la\u017eji nadzor nad otroki. Igralo ima tobogan, skakalno povr\u0161ino, plezalno steno, avto ter plezalo v obliki torte.<\/p>","protected":false},"excerpt":{"rendered":"<p>Ta\u010dke na patrulji so primerne za otroke starej\u0161e od 2 let. Maksimalna obremenitev igrala je 500kg. Igralo ima z strani varnostne mre\u017ee, zaradi tega imajo star\u0161i la\u017eji nadzor nad otroki. Igralo ima tobogan, skakalno povr\u0161ino, plezalno steno, avto ter plezalo v obliki torte.<\/p>","protected":false},"featured_media":11485,"template":"","meta":{"_seopress_robots_primary_cat":"none"},"product_cat":[97],"product_tag":[],"class_list":["post-11451","product","type-product","status-publish","has-post-thumbnail","hentry","product_cat-ponudba"],"_links":{"self":[{"href":"https:\/\/www.maliskokci.si\/en\/wp-json\/wp\/v2\/product\/11451","targetHints":{"allow":["GET"]}}],"collection":[{"href":"https:\/\/www.maliskokci.si\/en\/wp-json\/wp\/v2\/product"}],"about":[{"href":"https:\/\/www.maliskokci.si\/en\/wp-json\/wp\/v2\/types\/product"}],"wp:featuredmedia":[{"embeddable":true,"href":"https:\/\/www.maliskokci.si\/en\/wp-json\/wp\/v2\/media\/11485"}],"wp:attachment":[{"href":"https:\/\/www.maliskokci.si\/en\/wp-json\/wp\/v2\/media?parent=11451"}],"wp:term":[{"taxonomy":"product_cat","embeddable":true,"href":"https:\/\/www.maliskokci.si\/en\/wp-json\/wp\/v2\/product_cat?post=11451"},{"taxonomy":"product_tag","embeddable":true,"href":"https:\/\/www.maliskokci.si\/en\/wp-json\/wp\/v2\/product_tag?post=11451"}],"curies":[{"name":"wp","href":"https:\/\/api.w.org\/{rel}","templated":true}]}}