{"id":11420,"date":"2024-09-25T07:46:16","date_gmt":"2024-09-25T07:46:16","guid":{"rendered":"https:\/\/www.maliskokci.si\/?post_type=product&#038;p=11420"},"modified":"2024-10-16T14:18:57","modified_gmt":"2024-10-16T14:18:57","slug":"spiderman","status":"publish","type":"product","link":"https:\/\/www.maliskokci.si\/en\/product\/spiderman\/","title":{"rendered":"Spiderman"},"content":{"rendered":"<p>Spiderman je primeren za otroke starej\u0161e od 3 let. Maksimalna obremenitev je 500kg. Igralo ima plezalno steno, plezalni stolp in visok ter \u0161irok tobogan in skakalno povr\u0161ino na kateri se bodo otroci lahko spoznali z tremi risanimi junaki.<\/p>","protected":false},"excerpt":{"rendered":"<p>Spiderman je primeren za otroke starej\u0161e od 3 let. Maksimalna obremenitev je 500kg. Igralo ima plezalno steno, plezalni stolp in visok ter \u0161irok tobogan in skakalno povr\u0161ino na kateri se bodo otroci lahko spoznali z tremi risanimi junaki.<\/p>","protected":false},"featured_media":11483,"template":"","meta":{"_seopress_robots_primary_cat":"none"},"product_cat":[97],"product_tag":[],"class_list":["post-11420","product","type-product","status-publish","has-post-thumbnail","hentry","product_cat-ponudba"],"_links":{"self":[{"href":"https:\/\/www.maliskokci.si\/en\/wp-json\/wp\/v2\/product\/11420","targetHints":{"allow":["GET"]}}],"collection":[{"href":"https:\/\/www.maliskokci.si\/en\/wp-json\/wp\/v2\/product"}],"about":[{"href":"https:\/\/www.maliskokci.si\/en\/wp-json\/wp\/v2\/types\/product"}],"wp:featuredmedia":[{"embeddable":true,"href":"https:\/\/www.maliskokci.si\/en\/wp-json\/wp\/v2\/media\/11483"}],"wp:attachment":[{"href":"https:\/\/www.maliskokci.si\/en\/wp-json\/wp\/v2\/media?parent=11420"}],"wp:term":[{"taxonomy":"product_cat","embeddable":true,"href":"https:\/\/www.maliskokci.si\/en\/wp-json\/wp\/v2\/product_cat?post=11420"},{"taxonomy":"product_tag","embeddable":true,"href":"https:\/\/www.maliskokci.si\/en\/wp-json\/wp\/v2\/product_tag?post=11420"}],"curies":[{"name":"wp","href":"https:\/\/api.w.org\/{rel}","templated":true}]}}