{"id":11529,"date":"2024-09-25T08:30:29","date_gmt":"2024-09-25T08:30:29","guid":{"rendered":"https:\/\/www.maliskokci.si\/piskotki-copy\/"},"modified":"2024-09-25T08:35:03","modified_gmt":"2024-09-25T08:35:03","slug":"politika-zasebnosti","status":"publish","type":"page","link":"https:\/\/www.maliskokci.si\/en\/politika-zasebnosti\/","title":{"rendered":"Politika zasebnosti"},"content":{"rendered":"<div data-elementor-type=\"wp-page\" data-elementor-id=\"11529\" class=\"elementor elementor-11529\">\n\t\t\t\t\t\t\t\t\t<section class=\"elementor-section elementor-top-section elementor-element elementor-element-6326ddb elementor-section-height-min-height ct-section-stretched elementor-section-boxed elementor-section-height-default elementor-section-items-middle\" data-id=\"6326ddb\" data-element_type=\"section\" data-settings=\"{&quot;jet_parallax_layout_list&quot;:[]}\">\n\t\t\t\t\t\t<div class=\"elementor-container elementor-column-gap-no\">\n\t\t\t\t\t<div class=\"elementor-column elementor-col-100 elementor-top-column elementor-element elementor-element-bf20956\" data-id=\"bf20956\" data-element_type=\"column\">\n\t\t\t<div class=\"elementor-widget-wrap\">\n\t\t\t\t\t\t\t\t\t<\/div>\n\t\t<\/div>\n\t\t\t\t\t\t\t<\/div>\n\t\t<\/section>\n\t\t\t\t<section class=\"elementor-section elementor-top-section elementor-element elementor-element-444092be ct-section-stretched elementor-section-boxed elementor-section-height-default elementor-section-height-default\" data-id=\"444092be\" data-element_type=\"section\" data-settings=\"{&quot;jet_parallax_layout_list&quot;:[]}\">\n\t\t\t\t\t\t<div class=\"elementor-container elementor-column-gap-no\">\n\t\t\t\t\t<div class=\"elementor-column elementor-col-100 elementor-top-column elementor-element elementor-element-33a8360d\" data-id=\"33a8360d\" data-element_type=\"column\">\n\t\t\t<div class=\"elementor-widget-wrap elementor-element-populated\">\n\t\t\t\t\t\t\t\t<div class=\"elementor-element elementor-element-19565de8 elementor-widget elementor-widget-heading\" data-id=\"19565de8\" data-element_type=\"widget\" data-widget_type=\"heading.default\">\n\t\t\t\t<div class=\"elementor-widget-container\">\n\t\t\t<style>\/*! elementor - v3.12.1 - 02-04-2023 *\/\n.elementor-heading-title{padding:0;margin:0;line-height:1}.elementor-widget-heading .elementor-heading-title[class*=elementor-size-]>a{color:inherit;font-size:inherit;line-height:inherit}.elementor-widget-heading .elementor-heading-title.elementor-size-small{font-size:15px}.elementor-widget-heading .elementor-heading-title.elementor-size-medium{font-size:19px}.elementor-widget-heading .elementor-heading-title.elementor-size-large{font-size:29px}.elementor-widget-heading .elementor-heading-title.elementor-size-xl{font-size:39px}.elementor-widget-heading .elementor-heading-title.elementor-size-xxl{font-size:59px}<\/style><h2 class=\"elementor-heading-title elementor-size-default\">Politika zasebnosti<\/h2>\t\t<\/div>\n\t\t\t\t<\/div>\n\t\t\t\t\t<\/div>\n\t\t<\/div>\n\t\t\t\t\t\t\t<\/div>\n\t\t<\/section>\n\t\t\t\t<section class=\"elementor-section elementor-top-section elementor-element elementor-element-ab003c5 ct-section-stretched elementor-section-boxed elementor-section-height-default elementor-section-height-default\" data-id=\"ab003c5\" data-element_type=\"section\" data-settings=\"{&quot;jet_parallax_layout_list&quot;:[]}\">\n\t\t\t\t\t\t<div class=\"elementor-container elementor-column-gap-default\">\n\t\t\t\t\t<div class=\"elementor-column elementor-col-100 elementor-top-column elementor-element elementor-element-0777bb2\" data-id=\"0777bb2\" data-element_type=\"column\">\n\t\t\t<div class=\"elementor-widget-wrap elementor-element-populated\">\n\t\t\t\t\t\t\t\t<div class=\"elementor-element elementor-element-bceb7b2 elementor-widget elementor-widget-heading\" data-id=\"bceb7b2\" data-element_type=\"widget\" data-widget_type=\"heading.default\">\n\t\t\t\t<div class=\"elementor-widget-container\">\n\t\t\t<h2 class=\"elementor-heading-title elementor-size-default\">Izjava o varstvu osebnih podatkov<\/h2>\t\t<\/div>\n\t\t\t\t<\/div>\n\t\t\t\t<div class=\"elementor-element elementor-element-17cee28 elementor-widget elementor-widget-text-editor\" data-id=\"17cee28\" data-element_type=\"widget\" data-widget_type=\"text-editor.default\">\n\t\t\t\t<div class=\"elementor-widget-container\">\n\t\t\t<style>\/*! elementor - v3.12.1 - 02-04-2023 *\/\n.elementor-widget-text-editor.elementor-drop-cap-view-stacked .elementor-drop-cap{background-color:#69727d;color:#fff}.elementor-widget-text-editor.elementor-drop-cap-view-framed .elementor-drop-cap{color:#69727d;border:3px solid;background-color:transparent}.elementor-widget-text-editor:not(.elementor-drop-cap-view-default) .elementor-drop-cap{margin-top:8px}.elementor-widget-text-editor:not(.elementor-drop-cap-view-default) .elementor-drop-cap-letter{width:1em;height:1em}.elementor-widget-text-editor .elementor-drop-cap{float:left;text-align:center;line-height:1;font-size:50px}.elementor-widget-text-editor .elementor-drop-cap-letter{display:inline-block}<\/style>\t\t\t\t<div class=\"flex flex-grow flex-col gap-3\"><div class=\"min-h-[20px] flex items-start overflow-x-auto whitespace-pre-wrap break-words flex-col gap-4\"><div class=\"markdown prose w-full break-words dark:prose-invert light\"><p>Varstvo va\u0161ih podatkov, njihova varnost in zaupno ravnanje z njimi, so za nas izrednega pomena. V nadaljevanju vas \u017eelimo seznaniti z obdelavo osebnih podatkov (sem sodita npr. zbiranje in shranjevanje) v okviru uporabe na\u0161e spletne strani. Osebni podatki so vsi podatki, ki vas identificirajo kot osebo, tako na primer ime, naslov, spletni naslov.<\/p><\/div><\/div><\/div>\t\t\t\t\t\t<\/div>\n\t\t\t\t<\/div>\n\t\t\t\t<div class=\"elementor-element elementor-element-564ae4f elementor-widget elementor-widget-heading\" data-id=\"564ae4f\" data-element_type=\"widget\" data-widget_type=\"heading.default\">\n\t\t\t\t<div class=\"elementor-widget-container\">\n\t\t\t<h2 class=\"elementor-heading-title elementor-size-default\">Osnovne informacije<\/h2>\t\t<\/div>\n\t\t\t\t<\/div>\n\t\t\t\t<div class=\"elementor-element elementor-element-b93c288 elementor-widget elementor-widget-text-editor\" data-id=\"b93c288\" data-element_type=\"widget\" data-widget_type=\"text-editor.default\">\n\t\t\t\t<div class=\"elementor-widget-container\">\n\t\t\t\t\t\t\t<div class=\"flex flex-grow flex-col gap-3\"><div class=\"min-h-[20px] flex items-start overflow-x-auto whitespace-pre-wrap break-words flex-col gap-4\"><div class=\"markdown prose w-full break-words dark:prose-invert light\"><div dir=\"auto\">Odgovorno podjetje<\/div><div dir=\"auto\">Upravljalec, odgovoren za varstvo podatkov v skladu s 7. odstavkom 7. \u010dlena Splo\u0161ne uredbe o varstvu podatkov (GDPR), je:<\/div><div dir=\"auto\">\u2212 za celotno spletno ponudbo:<\/div><div dir=\"auto\">Marko Ro\u017eman s.p.,<\/div><div dir=\"auto\">Stara Nova vas 78d<\/div><div dir=\"auto\">9242 Kri\u017eevci pri Ljutomeru<\/div><\/div><\/div><\/div>\t\t\t\t\t\t<\/div>\n\t\t\t\t<\/div>\n\t\t\t\t<div class=\"elementor-element elementor-element-476a78e elementor-widget elementor-widget-heading\" data-id=\"476a78e\" data-element_type=\"widget\" data-widget_type=\"heading.default\">\n\t\t\t\t<div class=\"elementor-widget-container\">\n\t\t\t<h2 class=\"elementor-heading-title elementor-size-default\">1. Koordinator varstva podatkov<\/h2>\t\t<\/div>\n\t\t\t\t<\/div>\n\t\t\t\t<div class=\"elementor-element elementor-element-69bd986 elementor-widget elementor-widget-text-editor\" data-id=\"69bd986\" data-element_type=\"widget\" data-widget_type=\"text-editor.default\">\n\t\t\t\t<div class=\"elementor-widget-container\">\n\t\t\t\t\t\t\t<div class=\"flex flex-grow flex-col gap-3\"><div class=\"min-h-[20px] flex items-start overflow-x-auto whitespace-pre-wrap break-words flex-col gap-4\"><div class=\"markdown prose w-full break-words dark:prose-invert light\"><div dir=\"auto\"><div dir=\"auto\">V primeru vpra\u0161anj o varstvu podatkov se obrnite na koordinatorja varstva podatkov:<\/div><div dir=\"auto\">Marko Ro\u017eman s.p.,<\/div><div dir=\"auto\">Stara Nova vas 78d<\/div><div dir=\"auto\">9242 Kri\u017eevci pri Ljutomeru<\/div><\/div><\/div><\/div><\/div>\t\t\t\t\t\t<\/div>\n\t\t\t\t<\/div>\n\t\t\t\t<div class=\"elementor-element elementor-element-cfa81d4 elementor-widget elementor-widget-heading\" data-id=\"cfa81d4\" data-element_type=\"widget\" data-widget_type=\"heading.default\">\n\t\t\t\t<div class=\"elementor-widget-container\">\n\t\t\t<h2 class=\"elementor-heading-title elementor-size-default\">2. Varnost podatkov<\/h2>\t\t<\/div>\n\t\t\t\t<\/div>\n\t\t\t\t<div class=\"elementor-element elementor-element-e017fa5 elementor-widget elementor-widget-text-editor\" data-id=\"e017fa5\" data-element_type=\"widget\" data-widget_type=\"text-editor.default\">\n\t\t\t\t<div class=\"elementor-widget-container\">\n\t\t\t\t\t\t\t<div class=\"flex flex-grow flex-col gap-3\"><div class=\"min-h-[20px] flex items-start overflow-x-auto whitespace-pre-wrap break-words flex-col gap-4\"><div class=\"markdown prose w-full break-words dark:prose-invert light\"><div dir=\"auto\"><div dir=\"auto\">Svojo spletno stran in druge sisteme s tehni\u010dnimi in organizacijskimi ukrepi varujemo pred izgubo, uni\u010denjem, dostopom do njih, spreminjanjem ali \u0161irjenjem va\u0161ih podatkov s strani nepoobla\u0161\u010denih oseb.<\/div><\/div><\/div><\/div><\/div>\t\t\t\t\t\t<\/div>\n\t\t\t\t<\/div>\n\t\t\t\t<div class=\"elementor-element elementor-element-1e2aaed elementor-widget elementor-widget-heading\" data-id=\"1e2aaed\" data-element_type=\"widget\" data-widget_type=\"heading.default\">\n\t\t\t\t<div class=\"elementor-widget-container\">\n\t\t\t<h2 class=\"elementor-heading-title elementor-size-default\">3. Na\u010dela za hrambo in izbris osebnih podatkov<\/h2>\t\t<\/div>\n\t\t\t\t<\/div>\n\t\t\t\t<div class=\"elementor-element elementor-element-6894476 elementor-widget elementor-widget-text-editor\" data-id=\"6894476\" data-element_type=\"widget\" data-widget_type=\"text-editor.default\">\n\t\t\t\t<div class=\"elementor-widget-container\">\n\t\t\t\t\t\t\t<div class=\"flex flex-grow flex-col gap-3\"><div class=\"min-h-[20px] flex items-start overflow-x-auto whitespace-pre-wrap break-words flex-col gap-4\"><div class=\"markdown prose w-full break-words dark:prose-invert light\"><div dir=\"auto\"><div dir=\"auto\"><div dir=\"auto\">Osebni podatki se lahko shranjujejo le toliko \u010dasa, dokler je to potrebno za dosego namena, zaradi katerega so se zbirali, ali je to predvideno v veljavni zakonodaji ali predpisih, kot so na primer dav\u010dne ali trgovinskopravne obveznosti hrambe. Ko odpade pravna podlaga za hrambo osebnih podatkov (npr. pri odjavi od na\u0161e storitve e-novic), ali ko pote\u010de zakonsko predpisan rok hrambe, se zadevni osebni podatki rutinsko in ustrezno glede na zakonske predpise izbri\u0161ejo ali pa se omeji njihova obdelava, na primer omejena obdelava v okviru dav\u010dne ali trgovinskopravne zakonske obveznosti hrambe osebnih podatkov.<\/div><div dir=\"auto\">Obdelava osebnih podatkov na podlagi pravne obveznosti, se pravi izpolnitve zakonske obveznosti hrambe podatkov, temelji na to\u010dki c 1. povedi 1. odstavka 6. \u010dlena Splo\u0161ne uredbe (GDPR). \u010ce se po to\u010dki f 1. povedi 1. odstavka 6. \u010dlena Splo\u0161ne uredbe (GDPR) osebni podatki obdelujejo v zvezi s kazenskimi obsodbami za namene dokazovanja, ti nameni obdelave po poteku zakonsko dolo\u010denega zastaralnega roka odpadejo; redni zakonski zastaralni rok zna\u0161a 3 leta.<\/div><div dir=\"auto\">Glede podrobnosti o konkretnih rokih hrambe in izbrisa osebnih podatkov opozarjamo med drugim na posamezne opise servisnih storitev oziroma na podatke iz pri\u010dujo\u010de izjave o varovanju osebnih podatkov.<\/div><\/div><\/div><\/div><\/div><\/div>\t\t\t\t\t\t<\/div>\n\t\t\t\t<\/div>\n\t\t\t\t<div class=\"elementor-element elementor-element-c9955cf elementor-widget elementor-widget-heading\" data-id=\"c9955cf\" data-element_type=\"widget\" data-widget_type=\"heading.default\">\n\t\t\t\t<div class=\"elementor-widget-container\">\n\t\t\t<h2 class=\"elementor-heading-title elementor-size-default\">4. Obisk na\u0161e spletne strani<\/h2>\t\t<\/div>\n\t\t\t\t<\/div>\n\t\t\t\t<div class=\"elementor-element elementor-element-8890598 elementor-widget elementor-widget-text-editor\" data-id=\"8890598\" data-element_type=\"widget\" data-widget_type=\"text-editor.default\">\n\t\t\t\t<div class=\"elementor-widget-container\">\n\t\t\t\t\t\t\t<div class=\"flex flex-grow flex-col gap-3\"><div class=\"min-h-[20px] flex items-start overflow-x-auto whitespace-pre-wrap break-words flex-col gap-4\"><div class=\"markdown prose w-full break-words dark:prose-invert light\"><div dir=\"auto\"><div dir=\"auto\"><div dir=\"auto\">\u010ce na\u0161o spletno stran uporabljate zgolj informativno, se pravi, \u010de se ne registrirate ali nam kako druga\u010de posredujete svoje osebne podatke, lahko eventualno zbiramo tiste va\u0161e osebne podatke, ki jih va\u0161 brskalnik posreduje na\u0161emu stre\u017eniku. Za namene analize spletne strani in za namene spletnega marketinga pa v nadaljevanju v opisanem obsegu uporabljamo tudi \u00bbtrackingtehnologije\u00ab.<\/div><\/div><\/div><\/div><\/div><\/div>\t\t\t\t\t\t<\/div>\n\t\t\t\t<\/div>\n\t\t\t\t<div class=\"elementor-element elementor-element-7b037ac elementor-widget elementor-widget-heading\" data-id=\"7b037ac\" data-element_type=\"widget\" data-widget_type=\"heading.default\">\n\t\t\t\t<div class=\"elementor-widget-container\">\n\t\t\t<h2 class=\"elementor-heading-title elementor-size-default\">5. Pi\u0161kotki<\/h2>\t\t<\/div>\n\t\t\t\t<\/div>\n\t\t\t\t<div class=\"elementor-element elementor-element-6bbb56f elementor-widget elementor-widget-text-editor\" data-id=\"6bbb56f\" data-element_type=\"widget\" data-widget_type=\"text-editor.default\">\n\t\t\t\t<div class=\"elementor-widget-container\">\n\t\t\t\t\t\t\t<div class=\"flex flex-grow flex-col gap-3\"><div class=\"min-h-[20px] flex items-start overflow-x-auto whitespace-pre-wrap break-words flex-col gap-4\"><div class=\"markdown prose w-full break-words dark:prose-invert light\"><div dir=\"auto\"><div dir=\"auto\"><div dir=\"auto\">Na na\u0161ih spletnih straneh uporabljamo t. i. \u00bbpi\u0161kotke\u00ab. Pi\u0161kotki so majhne tekstualne datoteke, ki se prek va\u0161ega spletnega brskalnika trajno shranijo na va\u0161em ra\u010dunalniku. \u0160tevilne spletne strani in stre\u017eniki uporabljajo pi\u0161kotke. Ob tem pi\u0161kotki pogosto vsebujejo t. i. \u00bbcookie-ID\u00ab. Pri tak\u0161nem ID-ju gre za prepoznavo pi\u0161kotka. Sestoji iz niza znakov, s pomo\u010djo katerih se lahko spletna stran in stre\u017enik dodelita dolo\u010denemu spletnemu brskalniku, v katerem je bil shranjen pi\u0161kotek. Tak\u0161ni pi\u0161kotki omogo\u010dajo, da se va\u0161 brskalnik lo\u010di od drugih spletnih brskalnikov, ki vsebujejo druge pi\u0161kotke. Tako je dolo\u010den spletni brskalnik mogo\u010de prepoznati in identificirati po jasnem cookie-ID-ju.<\/div><\/div><\/div><\/div><\/div><\/div>\t\t\t\t\t\t<\/div>\n\t\t\t\t<\/div>\n\t\t\t\t<div class=\"elementor-element elementor-element-d5a7cd0 elementor-widget elementor-widget-heading\" data-id=\"d5a7cd0\" data-element_type=\"widget\" data-widget_type=\"heading.default\">\n\t\t\t\t<div class=\"elementor-widget-container\">\n\t\t\t<h2 class=\"elementor-heading-title elementor-size-default\">6. Kontakt<\/h2>\t\t<\/div>\n\t\t\t\t<\/div>\n\t\t\t\t<div class=\"elementor-element elementor-element-0432524 elementor-widget elementor-widget-text-editor\" data-id=\"0432524\" data-element_type=\"widget\" data-widget_type=\"text-editor.default\">\n\t\t\t\t<div class=\"elementor-widget-container\">\n\t\t\t\t\t\t\t<div class=\"flex flex-grow flex-col gap-3\"><div class=\"min-h-[20px] flex items-start overflow-x-auto whitespace-pre-wrap break-words flex-col gap-4\"><div class=\"markdown prose w-full break-words dark:prose-invert light\"><div dir=\"auto\"><div dir=\"auto\"><div dir=\"auto\">Na na\u0161i spletni strani ponujamo ve\u010d mo\u017enosti, da z na\u0161im podjetjem vzpostavite kontakt in nam posredujete svoje sporo\u010dilo. Tako lahko vzpostavite kontakt po telefonu, e-po\u0161ti ali prek posebnega obrazca, ki je na voljo za vzpostavitev kontakta. V primeru ustrezne vzpostavitve kontakta bomo shranili in obdelali podatke, ki ste nam jih posredovali (va\u0161 elektronski naslov, eventualno va\u0161e ime in telefonsko \u0161tevilko) ter va\u0161e vpra\u0161anje z namenom, da odgovorimo na va\u0161e vpra\u0161anje. V tem smislu predstavljata pravno podlago za obdelavo to\u010dki b1 in f 1. odstavka 6. \u010dlena Splo\u0161ne uredbe (GDPR). Na\u0161 upravi\u010den interes je v u\u010dinkovitem in strukturiranem zbiranju in obdelavi vpra\u0161anj strank ter v zagotavljanju kakovosti. Zbrane podatke izbri\u0161emo po tem, ko hramba podatkov za predhodno navedene namene ni ve\u010d potrebna, na primer po zaklju\u010denem celotnem postopku obdelave poizvedbe stranke, ali pa omejimo obdelavo, \u010de je podana zakonska obveznost shranjevanja.<\/div><\/div><\/div><\/div><\/div><\/div>\t\t\t\t\t\t<\/div>\n\t\t\t\t<\/div>\n\t\t\t\t<div class=\"elementor-element elementor-element-2b86571 elementor-widget elementor-widget-heading\" data-id=\"2b86571\" data-element_type=\"widget\" data-widget_type=\"heading.default\">\n\t\t\t\t<div class=\"elementor-widget-container\">\n\t\t\t<h2 class=\"elementor-heading-title elementor-size-default\">7. Pravice posameznika<\/h2>\t\t<\/div>\n\t\t\t\t<\/div>\n\t\t\t\t<div class=\"elementor-element elementor-element-4ad3cfa8 elementor-widget elementor-widget-text-editor\" data-id=\"4ad3cfa8\" data-element_type=\"widget\" data-widget_type=\"text-editor.default\">\n\t\t\t\t<div class=\"elementor-widget-container\">\n\t\t\t\t\t\t\t<div class=\"flex flex-grow flex-col gap-3\"><div class=\"min-h-[20px] flex items-start overflow-x-auto whitespace-pre-wrap break-words flex-col gap-4\"><div class=\"markdown prose w-full break-words dark:prose-invert light\"><div dir=\"auto\"><div dir=\"auto\"><div dir=\"auto\"><div dir=\"auto\">Seznanjamo vas z va\u0161imi pravicami kot \u00bbposameznika\u00ab iz Splo\u0161ne uredbe (GDPR).<\/div><div dir=\"auto\">Po Splo\u0161ni uredbi imate kot posameznik v nadaljevanju navedene pravice iz varstva osebnih podatkov:<\/div><div dir=\"auto\">\u2212 Pravica do dostopa posameznika (1. in 2. odstavek 15. \u010dlena GDPR)<\/div><div dir=\"auto\">\u2212 Pravica do popravka (16. \u010dlen GDPR) oziroma pravica do izbrisa (17. \u010dlen GDPR)<\/div><div dir=\"auto\">\u2212 Pravica do omejitve obdelave (18. \u010dlen GDPR)<\/div><div dir=\"auto\">\u2212 Pravica do prenosljivosti podatkov (19. \u010dlen GDPR)<\/div><div dir=\"auto\">\u2212 Pravica do ugovora (21. \u010dlen GDPR)<\/div><div dir=\"auto\">\u2212 Pravica do preklica (3. odstavek 7. \u010dlena GDPR)<\/div><div dir=\"auto\">\u2212 Pravica do vlo\u017eitve prito\u017ebe pri nadzornem organu (77. \u010dlen GDPR)<\/div><div dir=\"auto\">\u00a0<\/div><div dir=\"auto\">Za izvajanje posameznikovih pravic in v primeru splo\u0161nih vpra\u0161anj o varstvu osebnih podatkov se lahko kadar koli obrnete na nas ali na\u0161ega koordinatorja varstva podatkov.<\/div><\/div><\/div><\/div><\/div><\/div><\/div>\t\t\t\t\t\t<\/div>\n\t\t\t\t<\/div>\n\t\t\t\t\t<\/div>\n\t\t<\/div>\n\t\t\t\t\t\t\t<\/div>\n\t\t<\/section>\n\t\t\t\t\t\t\t<\/div>","protected":false},"excerpt":{"rendered":"<p>Izjava o varstvu osebnih podatkov Varstvo va\u0161ih podatkov, njihova varnost in zaupno ravnanje z njimi, so za nas izrednega pomena. V nadaljevanju vas \u017eelimo seznaniti z obdelavo osebnih podatkov (sem sodita npr. zbiranje in shranjevanje) v okviru uporabe na\u0161e spletne strani. Osebni podatki so vsi podatki, ki vas identificirajo kot osebo, tako na primer ime, naslov, spletni naslov. Osnovne informacije Odgovorno podjetjeUpravljalec, odgovoren za varstvo podatkov v skladu s 7. odstavkom 7. \u010dlena Splo\u0161ne uredbe o varstvu podatkov (GDPR), je:\u2212 za celotno spletno ponudbo:Marko Ro\u017eman s.p.,Stara Nova vas 78d9242 Kri\u017eevci pri Ljutomeru 1. Koordinator varstva podatkov V primeru vpra\u0161anj o\u2026<\/p>","protected":false},"author":1,"featured_media":0,"parent":0,"menu_order":0,"comment_status":"closed","ping_status":"closed","template":"","meta":{"_seopress_robots_primary_cat":"","footnotes":""},"class_list":["post-11529","page","type-page","status-publish","hentry"],"blocksy_meta":"","_links":{"self":[{"href":"https:\/\/www.maliskokci.si\/en\/wp-json\/wp\/v2\/pages\/11529","targetHints":{"allow":["GET"]}}],"collection":[{"href":"https:\/\/www.maliskokci.si\/en\/wp-json\/wp\/v2\/pages"}],"about":[{"href":"https:\/\/www.maliskokci.si\/en\/wp-json\/wp\/v2\/types\/page"}],"author":[{"embeddable":true,"href":"https:\/\/www.maliskokci.si\/en\/wp-json\/wp\/v2\/users\/1"}],"replies":[{"embeddable":true,"href":"https:\/\/www.maliskokci.si\/en\/wp-json\/wp\/v2\/comments?post=11529"}],"version-history":[{"count":0,"href":"https:\/\/www.maliskokci.si\/en\/wp-json\/wp\/v2\/pages\/11529\/revisions"}],"wp:attachment":[{"href":"https:\/\/www.maliskokci.si\/en\/wp-json\/wp\/v2\/media?parent=11529"}],"curies":[{"name":"wp","href":"https:\/\/api.w.org\/{rel}","templated":true}]}}